{"id":100,"date":"2020-02-15T18:53:47","date_gmt":"2020-02-15T18:53:47","guid":{"rendered":"http:\/\/emilcefuenzalida.com\/?page_id=100"},"modified":"2020-02-25T21:06:54","modified_gmt":"2020-02-25T21:06:54","slug":"migrantes","status":"publish","type":"page","link":"https:\/\/emilcefuenzalida.com\/index.php\/migrantes\/","title":{"rendered":"Migrantes"},"content":{"rendered":"\n<p>La Serie Migrantes interpela el tiempo actual del trabajador. Esta serie comenz\u00f3 cuando inici\u00e9 mis estudios en la Universidad UNSAM para cursar la carrera de antropolog\u00eda social y cultural. El migrante que busca una mejor oportunidad para vivir en este mundo, en homenaje a mi abuela Herminda, que viaj\u00f3 desde Europa, cruzando el oc\u00e9ano, en un gran periplo hasta estas lejanas tierras del fin del mundo en busca de un sue\u00f1o mejor.<\/p>\n\n\n\n<div class=\"wp-block-jetpack-tiled-gallery aligncenter is-style-columns\"><div class=\"tiled-gallery__gallery\"><div class=\"tiled-gallery__row\"><div class=\"tiled-gallery__col\"><figure class=\"tiled-gallery__item\"><img decoding=\"async\" data-attachment-id=\"514\" data-permalink=\"https:\/\/emilcefuenzalida.com\/index.php\/migrantes\/147-1\/\" data-orig-file=\"https:\/\/emilcefuenzalida.com\/wp-content\/uploads\/2020\/02\/147-1.jpg\" data-orig-size=\"1260,855\" data-comments-opened=\"1\" data-image-meta=\"{&quot;aperture&quot;:&quot;0&quot;,&quot;credit&quot;:&quot;&quot;,&quot;camera&quot;:&quot;&quot;,&quot;caption&quot;:&quot;&quot;,&quot;created_timestamp&quot;:&quot;0&quot;,&quot;copyright&quot;:&quot;&quot;,&quot;focal_length&quot;:&quot;0&quot;,&quot;iso&quot;:&quot;0&quot;,&quot;shutter_speed&quot;:&quot;0&quot;,&quot;title&quot;:&quot;&quot;,&quot;orientation&quot;:&quot;0&quot;}\" data-image-title=\"Migrante\" data-image-description=\"\" data-image-caption=\"\" data-large-file=\"https:\/\/emilcefuenzalida.com\/wp-content\/uploads\/2020\/02\/147-1-1024x695.jpg\" data-attachment-id=\"514\" data-permalink=\"https:\/\/emilcefuenzalida.com\/index.php\/migrantes\/147-1\/\" data-orig-file=\"https:\/\/emilcefuenzalida.com\/wp-content\/uploads\/2020\/02\/147-1.jpg\" data-orig-size=\"1260,855\" data-comments-opened=\"1\" data-image-meta=\"{&quot;aperture&quot;:&quot;0&quot;,&quot;credit&quot;:&quot;&quot;,&quot;camera&quot;:&quot;&quot;,&quot;caption&quot;:&quot;&quot;,&quot;created_timestamp&quot;:&quot;0&quot;,&quot;copyright&quot;:&quot;&quot;,&quot;focal_length&quot;:&quot;0&quot;,&quot;iso&quot;:&quot;0&quot;,&quot;shutter_speed&quot;:&quot;0&quot;,&quot;title&quot;:&quot;&quot;,&quot;orientation&quot;:&quot;0&quot;}\" data-image-title=\"Migrante\" data-image-description=\"\" data-image-caption=\"\" data-large-file=\"https:\/\/emilcefuenzalida.com\/wp-content\/uploads\/2020\/02\/147-1-1024x695.jpg\" role=\"button\" tabindex=\"0\" aria-label=\"Abrir la imagen 1 de 6 en pantalla completa\"srcset=\"https:\/\/i2.wp.com\/emilcefuenzalida.com\/wp-content\/uploads\/2020\/02\/147-1.jpg?strip=info&#038;w=600 600w,https:\/\/i2.wp.com\/emilcefuenzalida.com\/wp-content\/uploads\/2020\/02\/147-1.jpg?strip=info&#038;w=900 900w,https:\/\/i2.wp.com\/emilcefuenzalida.com\/wp-content\/uploads\/2020\/02\/147-1.jpg?strip=info&#038;w=1200 1200w,https:\/\/i2.wp.com\/emilcefuenzalida.com\/wp-content\/uploads\/2020\/02\/147-1.jpg?strip=info&#038;w=1260 1260w\" alt=\"\" data-height=\"855\" data-id=\"514\" data-link=\"http:\/\/emilcefuenzalida.com\/index.php\/migrantes\/147-1\/\" data-url=\"http:\/\/emilcefuenzalida.com\/wp-content\/uploads\/2020\/02\/147-1.jpg\" data-width=\"1260\" src=\"https:\/\/i2.wp.com\/emilcefuenzalida.com\/wp-content\/uploads\/2020\/02\/147-1.jpg\"\/><\/figure><\/div><div class=\"tiled-gallery__col\"><figure class=\"tiled-gallery__item\"><img decoding=\"async\" data-attachment-id=\"515\" data-permalink=\"https:\/\/emilcefuenzalida.com\/index.php\/migrantes\/smart-9\/\" data-orig-file=\"https:\/\/emilcefuenzalida.com\/wp-content\/uploads\/2020\/02\/Emilce-expo.jpg\" data-orig-size=\"1701,2268\" data-comments-opened=\"1\" data-image-meta=\"{&quot;aperture&quot;:&quot;1.8&quot;,&quot;credit&quot;:&quot;&quot;,&quot;camera&quot;:&quot;MRD-LX3&quot;,&quot;caption&quot;:&quot;smart&quot;,&quot;created_timestamp&quot;:&quot;1572638997&quot;,&quot;copyright&quot;:&quot;&quot;,&quot;focal_length&quot;:&quot;0&quot;,&quot;iso&quot;:&quot;374&quot;,&quot;shutter_speed&quot;:&quot;0.030005&quot;,&quot;title&quot;:&quot;smart&quot;,&quot;orientation&quot;:&quot;1&quot;}\" data-image-title=\"Migrante\" data-image-description=\"\" data-image-caption=\"\" data-large-file=\"https:\/\/emilcefuenzalida.com\/wp-content\/uploads\/2020\/02\/Emilce-expo-768x1024.jpg\" data-attachment-id=\"515\" data-permalink=\"https:\/\/emilcefuenzalida.com\/index.php\/migrantes\/smart-9\/\" data-orig-file=\"https:\/\/emilcefuenzalida.com\/wp-content\/uploads\/2020\/02\/Emilce-expo.jpg\" data-orig-size=\"1701,2268\" data-comments-opened=\"1\" data-image-meta=\"{&quot;aperture&quot;:&quot;1.8&quot;,&quot;credit&quot;:&quot;&quot;,&quot;camera&quot;:&quot;MRD-LX3&quot;,&quot;caption&quot;:&quot;smart&quot;,&quot;created_timestamp&quot;:&quot;1572638997&quot;,&quot;copyright&quot;:&quot;&quot;,&quot;focal_length&quot;:&quot;0&quot;,&quot;iso&quot;:&quot;374&quot;,&quot;shutter_speed&quot;:&quot;0.030005&quot;,&quot;title&quot;:&quot;smart&quot;,&quot;orientation&quot;:&quot;1&quot;}\" data-image-title=\"Migrante\" data-image-description=\"\" data-image-caption=\"\" data-large-file=\"https:\/\/emilcefuenzalida.com\/wp-content\/uploads\/2020\/02\/Emilce-expo-768x1024.jpg\" role=\"button\" tabindex=\"0\" aria-label=\"Abrir la imagen 2 de 6 en pantalla completa\"srcset=\"https:\/\/i1.wp.com\/emilcefuenzalida.com\/wp-content\/uploads\/2020\/02\/Emilce-expo.jpg?strip=info&#038;w=600 600w,https:\/\/i1.wp.com\/emilcefuenzalida.com\/wp-content\/uploads\/2020\/02\/Emilce-expo.jpg?strip=info&#038;w=900 900w,https:\/\/i1.wp.com\/emilcefuenzalida.com\/wp-content\/uploads\/2020\/02\/Emilce-expo.jpg?strip=info&#038;w=1200 1200w,https:\/\/i1.wp.com\/emilcefuenzalida.com\/wp-content\/uploads\/2020\/02\/Emilce-expo.jpg?strip=info&#038;w=1500 1500w,https:\/\/i1.wp.com\/emilcefuenzalida.com\/wp-content\/uploads\/2020\/02\/Emilce-expo.jpg?strip=info&#038;w=1701 1701w\" alt=\"\" data-height=\"2268\" data-id=\"515\" data-link=\"http:\/\/emilcefuenzalida.com\/index.php\/migrantes\/smart-9\/\" data-url=\"http:\/\/emilcefuenzalida.com\/wp-content\/uploads\/2020\/02\/Emilce-expo.jpg\" data-width=\"1701\" src=\"https:\/\/i1.wp.com\/emilcefuenzalida.com\/wp-content\/uploads\/2020\/02\/Emilce-expo.jpg\"\/><\/figure><figure class=\"tiled-gallery__item\"><img decoding=\"async\" data-attachment-id=\"516\" data-permalink=\"https:\/\/emilcefuenzalida.com\/index.php\/migrantes\/smart-10\/\" data-orig-file=\"https:\/\/emilcefuenzalida.com\/wp-content\/uploads\/2020\/02\/Los-ausentes-scaled.jpg\" data-orig-size=\"1385,2560\" data-comments-opened=\"1\" data-image-meta=\"{&quot;aperture&quot;:&quot;1.8&quot;,&quot;credit&quot;:&quot;&quot;,&quot;camera&quot;:&quot;MRD-LX3&quot;,&quot;caption&quot;:&quot;smart&quot;,&quot;created_timestamp&quot;:&quot;1561205351&quot;,&quot;copyright&quot;:&quot;&quot;,&quot;focal_length&quot;:&quot;0&quot;,&quot;iso&quot;:&quot;107&quot;,&quot;shutter_speed&quot;:&quot;0.006123&quot;,&quot;title&quot;:&quot;smart&quot;,&quot;orientation&quot;:&quot;1&quot;}\" data-image-title=\"Migrante\" data-image-description=\"\" data-image-caption=\"\" data-large-file=\"https:\/\/emilcefuenzalida.com\/wp-content\/uploads\/2020\/02\/Los-ausentes-554x1024.jpg\" data-attachment-id=\"516\" data-permalink=\"https:\/\/emilcefuenzalida.com\/index.php\/migrantes\/smart-10\/\" data-orig-file=\"https:\/\/emilcefuenzalida.com\/wp-content\/uploads\/2020\/02\/Los-ausentes-scaled.jpg\" data-orig-size=\"1385,2560\" data-comments-opened=\"1\" data-image-meta=\"{&quot;aperture&quot;:&quot;1.8&quot;,&quot;credit&quot;:&quot;&quot;,&quot;camera&quot;:&quot;MRD-LX3&quot;,&quot;caption&quot;:&quot;smart&quot;,&quot;created_timestamp&quot;:&quot;1561205351&quot;,&quot;copyright&quot;:&quot;&quot;,&quot;focal_length&quot;:&quot;0&quot;,&quot;iso&quot;:&quot;107&quot;,&quot;shutter_speed&quot;:&quot;0.006123&quot;,&quot;title&quot;:&quot;smart&quot;,&quot;orientation&quot;:&quot;1&quot;}\" data-image-title=\"Migrante\" data-image-description=\"\" data-image-caption=\"\" data-large-file=\"https:\/\/emilcefuenzalida.com\/wp-content\/uploads\/2020\/02\/Los-ausentes-554x1024.jpg\" role=\"button\" tabindex=\"0\" aria-label=\"Abrir la imagen 3 de 6 en pantalla completa\"srcset=\"https:\/\/i2.wp.com\/emilcefuenzalida.com\/wp-content\/uploads\/2020\/02\/Los-ausentes-scaled.jpg?strip=info&#038;w=600 600w,https:\/\/i2.wp.com\/emilcefuenzalida.com\/wp-content\/uploads\/2020\/02\/Los-ausentes-scaled.jpg?strip=info&#038;w=900 900w,https:\/\/i2.wp.com\/emilcefuenzalida.com\/wp-content\/uploads\/2020\/02\/Los-ausentes-scaled.jpg?strip=info&#038;w=1200 1200w,https:\/\/i2.wp.com\/emilcefuenzalida.com\/wp-content\/uploads\/2020\/02\/Los-ausentes-scaled.jpg?strip=info&#038;w=1385 1385w\" alt=\"\" data-height=\"2560\" data-id=\"516\" data-link=\"http:\/\/emilcefuenzalida.com\/index.php\/migrantes\/smart-10\/\" data-url=\"http:\/\/emilcefuenzalida.com\/wp-content\/uploads\/2020\/02\/Los-ausentes-scaled.jpg\" data-width=\"1385\" src=\"https:\/\/i2.wp.com\/emilcefuenzalida.com\/wp-content\/uploads\/2020\/02\/Los-ausentes-scaled.jpg\"\/><\/figure><figure class=\"tiled-gallery__item\"><img decoding=\"async\" data-attachment-id=\"518\" data-permalink=\"https:\/\/emilcefuenzalida.com\/index.php\/migrantes\/migrante-2\/\" data-orig-file=\"https:\/\/emilcefuenzalida.com\/wp-content\/uploads\/2020\/02\/Migrante-2.jpg\" data-orig-size=\"1100,1701\" data-comments-opened=\"1\" data-image-meta=\"{&quot;aperture&quot;:&quot;2.6&quot;,&quot;credit&quot;:&quot;&quot;,&quot;camera&quot;:&quot;GT-S7583T&quot;,&quot;caption&quot;:&quot;&quot;,&quot;created_timestamp&quot;:&quot;0&quot;,&quot;copyright&quot;:&quot;&quot;,&quot;focal_length&quot;:&quot;3.54&quot;,&quot;iso&quot;:&quot;50&quot;,&quot;shutter_speed&quot;:&quot;0.0026954177897574&quot;,&quot;title&quot;:&quot;&quot;,&quot;orientation&quot;:&quot;1&quot;}\" data-image-title=\"Migrante\" data-image-description=\"\" data-image-caption=\"\" data-large-file=\"https:\/\/emilcefuenzalida.com\/wp-content\/uploads\/2020\/02\/Migrante-2-662x1024.jpg\" data-attachment-id=\"518\" data-permalink=\"https:\/\/emilcefuenzalida.com\/index.php\/migrantes\/migrante-2\/\" data-orig-file=\"https:\/\/emilcefuenzalida.com\/wp-content\/uploads\/2020\/02\/Migrante-2.jpg\" data-orig-size=\"1100,1701\" data-comments-opened=\"1\" data-image-meta=\"{&quot;aperture&quot;:&quot;2.6&quot;,&quot;credit&quot;:&quot;&quot;,&quot;camera&quot;:&quot;GT-S7583T&quot;,&quot;caption&quot;:&quot;&quot;,&quot;created_timestamp&quot;:&quot;0&quot;,&quot;copyright&quot;:&quot;&quot;,&quot;focal_length&quot;:&quot;3.54&quot;,&quot;iso&quot;:&quot;50&quot;,&quot;shutter_speed&quot;:&quot;0.0026954177897574&quot;,&quot;title&quot;:&quot;&quot;,&quot;orientation&quot;:&quot;1&quot;}\" data-image-title=\"Migrante\" data-image-description=\"\" data-image-caption=\"\" data-large-file=\"https:\/\/emilcefuenzalida.com\/wp-content\/uploads\/2020\/02\/Migrante-2-662x1024.jpg\" role=\"button\" tabindex=\"0\" aria-label=\"Abrir la imagen 4 de 6 en pantalla completa\"srcset=\"https:\/\/i0.wp.com\/emilcefuenzalida.com\/wp-content\/uploads\/2020\/02\/Migrante-2.jpg?strip=info&#038;w=600 600w,https:\/\/i0.wp.com\/emilcefuenzalida.com\/wp-content\/uploads\/2020\/02\/Migrante-2.jpg?strip=info&#038;w=900 900w,https:\/\/i0.wp.com\/emilcefuenzalida.com\/wp-content\/uploads\/2020\/02\/Migrante-2.jpg?strip=info&#038;w=1100 1100w\" alt=\"\" data-height=\"1701\" data-id=\"518\" data-link=\"http:\/\/emilcefuenzalida.com\/index.php\/migrantes\/migrante-2\/\" data-url=\"http:\/\/emilcefuenzalida.com\/wp-content\/uploads\/2020\/02\/Migrante-2.jpg\" data-width=\"1100\" src=\"https:\/\/i0.wp.com\/emilcefuenzalida.com\/wp-content\/uploads\/2020\/02\/Migrante-2.jpg\"\/><\/figure><\/div><div class=\"tiled-gallery__col\"><figure class=\"tiled-gallery__item\"><img decoding=\"async\" data-attachment-id=\"520\" data-permalink=\"https:\/\/emilcefuenzalida.com\/index.php\/migrantes\/smart-12\/\" data-orig-file=\"https:\/\/emilcefuenzalida.com\/wp-content\/uploads\/2020\/02\/pintura-1-scaled.jpg\" data-orig-size=\"1241,2560\" data-comments-opened=\"1\" data-image-meta=\"{&quot;aperture&quot;:&quot;1.8&quot;,&quot;credit&quot;:&quot;&quot;,&quot;camera&quot;:&quot;MRD-LX3&quot;,&quot;caption&quot;:&quot;smart&quot;,&quot;created_timestamp&quot;:&quot;1561205358&quot;,&quot;copyright&quot;:&quot;&quot;,&quot;focal_length&quot;:&quot;0&quot;,&quot;iso&quot;:&quot;104&quot;,&quot;shutter_speed&quot;:&quot;0.005721&quot;,&quot;title&quot;:&quot;smart&quot;,&quot;orientation&quot;:&quot;1&quot;}\" data-image-title=\"Migrantes\" data-image-description=\"\" data-image-caption=\"\" data-large-file=\"https:\/\/emilcefuenzalida.com\/wp-content\/uploads\/2020\/02\/pintura-1-496x1024.jpg\" data-attachment-id=\"520\" data-permalink=\"https:\/\/emilcefuenzalida.com\/index.php\/migrantes\/smart-12\/\" data-orig-file=\"https:\/\/emilcefuenzalida.com\/wp-content\/uploads\/2020\/02\/pintura-1-scaled.jpg\" data-orig-size=\"1241,2560\" data-comments-opened=\"1\" data-image-meta=\"{&quot;aperture&quot;:&quot;1.8&quot;,&quot;credit&quot;:&quot;&quot;,&quot;camera&quot;:&quot;MRD-LX3&quot;,&quot;caption&quot;:&quot;smart&quot;,&quot;created_timestamp&quot;:&quot;1561205358&quot;,&quot;copyright&quot;:&quot;&quot;,&quot;focal_length&quot;:&quot;0&quot;,&quot;iso&quot;:&quot;104&quot;,&quot;shutter_speed&quot;:&quot;0.005721&quot;,&quot;title&quot;:&quot;smart&quot;,&quot;orientation&quot;:&quot;1&quot;}\" data-image-title=\"Migrantes\" data-image-description=\"\" data-image-caption=\"\" data-large-file=\"https:\/\/emilcefuenzalida.com\/wp-content\/uploads\/2020\/02\/pintura-1-496x1024.jpg\" role=\"button\" tabindex=\"0\" aria-label=\"Abrir la imagen 5 de 6 en pantalla completa\"srcset=\"https:\/\/i2.wp.com\/emilcefuenzalida.com\/wp-content\/uploads\/2020\/02\/pintura-1-scaled.jpg?strip=info&#038;w=600 600w,https:\/\/i2.wp.com\/emilcefuenzalida.com\/wp-content\/uploads\/2020\/02\/pintura-1-scaled.jpg?strip=info&#038;w=900 900w,https:\/\/i2.wp.com\/emilcefuenzalida.com\/wp-content\/uploads\/2020\/02\/pintura-1-scaled.jpg?strip=info&#038;w=1200 1200w,https:\/\/i2.wp.com\/emilcefuenzalida.com\/wp-content\/uploads\/2020\/02\/pintura-1-scaled.jpg?strip=info&#038;w=1241 1241w\" alt=\"\" data-height=\"2560\" data-id=\"520\" data-link=\"http:\/\/emilcefuenzalida.com\/index.php\/migrantes\/smart-12\/\" data-url=\"http:\/\/emilcefuenzalida.com\/wp-content\/uploads\/2020\/02\/pintura-1-scaled.jpg\" data-width=\"1241\" src=\"https:\/\/i2.wp.com\/emilcefuenzalida.com\/wp-content\/uploads\/2020\/02\/pintura-1-scaled.jpg\"\/><\/figure><figure class=\"tiled-gallery__item\"><img decoding=\"async\" data-attachment-id=\"521\" data-permalink=\"https:\/\/emilcefuenzalida.com\/index.php\/migrantes\/smart-13\/\" data-orig-file=\"https:\/\/emilcefuenzalida.com\/wp-content\/uploads\/2020\/02\/Terra-scaled.jpg\" data-orig-size=\"1286,2560\" data-comments-opened=\"1\" data-image-meta=\"{&quot;aperture&quot;:&quot;1.8&quot;,&quot;credit&quot;:&quot;&quot;,&quot;camera&quot;:&quot;MRD-LX3&quot;,&quot;caption&quot;:&quot;smart&quot;,&quot;created_timestamp&quot;:&quot;1579948482&quot;,&quot;copyright&quot;:&quot;&quot;,&quot;focal_length&quot;:&quot;0&quot;,&quot;iso&quot;:&quot;108&quot;,&quot;shutter_speed&quot;:&quot;0.002158&quot;,&quot;title&quot;:&quot;smart&quot;,&quot;orientation&quot;:&quot;1&quot;}\" data-image-title=\"Migrantes\" data-image-description=\"\" data-image-caption=\"\" data-large-file=\"https:\/\/emilcefuenzalida.com\/wp-content\/uploads\/2020\/02\/Terra-515x1024.jpg\" data-attachment-id=\"521\" data-permalink=\"https:\/\/emilcefuenzalida.com\/index.php\/migrantes\/smart-13\/\" data-orig-file=\"https:\/\/emilcefuenzalida.com\/wp-content\/uploads\/2020\/02\/Terra-scaled.jpg\" data-orig-size=\"1286,2560\" data-comments-opened=\"1\" data-image-meta=\"{&quot;aperture&quot;:&quot;1.8&quot;,&quot;credit&quot;:&quot;&quot;,&quot;camera&quot;:&quot;MRD-LX3&quot;,&quot;caption&quot;:&quot;smart&quot;,&quot;created_timestamp&quot;:&quot;1579948482&quot;,&quot;copyright&quot;:&quot;&quot;,&quot;focal_length&quot;:&quot;0&quot;,&quot;iso&quot;:&quot;108&quot;,&quot;shutter_speed&quot;:&quot;0.002158&quot;,&quot;title&quot;:&quot;smart&quot;,&quot;orientation&quot;:&quot;1&quot;}\" data-image-title=\"Migrantes\" data-image-description=\"\" data-image-caption=\"\" data-large-file=\"https:\/\/emilcefuenzalida.com\/wp-content\/uploads\/2020\/02\/Terra-515x1024.jpg\" role=\"button\" tabindex=\"0\" aria-label=\"Abrir la imagen 6 de 6 en pantalla completa\"srcset=\"https:\/\/i1.wp.com\/emilcefuenzalida.com\/wp-content\/uploads\/2020\/02\/Terra-scaled.jpg?strip=info&#038;w=600 600w,https:\/\/i1.wp.com\/emilcefuenzalida.com\/wp-content\/uploads\/2020\/02\/Terra-scaled.jpg?strip=info&#038;w=900 900w,https:\/\/i1.wp.com\/emilcefuenzalida.com\/wp-content\/uploads\/2020\/02\/Terra-scaled.jpg?strip=info&#038;w=1200 1200w,https:\/\/i1.wp.com\/emilcefuenzalida.com\/wp-content\/uploads\/2020\/02\/Terra-scaled.jpg?strip=info&#038;w=1286 1286w\" alt=\"\" data-height=\"2560\" data-id=\"521\" data-link=\"http:\/\/emilcefuenzalida.com\/index.php\/migrantes\/smart-13\/\" data-url=\"http:\/\/emilcefuenzalida.com\/wp-content\/uploads\/2020\/02\/Terra-scaled.jpg\" data-width=\"1286\" src=\"https:\/\/i1.wp.com\/emilcefuenzalida.com\/wp-content\/uploads\/2020\/02\/Terra-scaled.jpg\"\/><\/figure><\/div><\/div><\/div><\/div>\n\n\n\n<p class=\"has-text-align-center has-small-font-size\">&lt;&lt; <a href=\"http:\/\/emilcefuenzalida.com\/index.php\/camino-al-desierto\/\">Ir a <strong>Camino al Desierto<\/strong> <\/a> <\/p>\n","protected":false},"excerpt":{"rendered":"<p>La Serie Migrantes interpela el tiempo actual del trabajador. Esta serie comenz\u00f3 cuando inici\u00e9 mis estudios en la Universidad UNSAM para cursar la carrera de antropolog\u00eda social y cultural. El&#8230;<\/p>\n","protected":false},"author":2,"featured_media":0,"parent":0,"menu_order":0,"comment_status":"closed","ping_status":"closed","template":"","meta":{"_coblocks_attr":"","_coblocks_dimensions":"","_coblocks_responsive_height":"","_coblocks_accordion_ie_support":"","footnotes":""},"class_list":["post-100","page","type-page","status-publish","hentry"],"jetpack_sharing_enabled":true,"_links":{"self":[{"href":"https:\/\/emilcefuenzalida.com\/index.php\/wp-json\/wp\/v2\/pages\/100","targetHints":{"allow":["GET"]}}],"collection":[{"href":"https:\/\/emilcefuenzalida.com\/index.php\/wp-json\/wp\/v2\/pages"}],"about":[{"href":"https:\/\/emilcefuenzalida.com\/index.php\/wp-json\/wp\/v2\/types\/page"}],"author":[{"embeddable":true,"href":"https:\/\/emilcefuenzalida.com\/index.php\/wp-json\/wp\/v2\/users\/2"}],"replies":[{"embeddable":true,"href":"https:\/\/emilcefuenzalida.com\/index.php\/wp-json\/wp\/v2\/comments?post=100"}],"version-history":[{"count":6,"href":"https:\/\/emilcefuenzalida.com\/index.php\/wp-json\/wp\/v2\/pages\/100\/revisions"}],"predecessor-version":[{"id":854,"href":"https:\/\/emilcefuenzalida.com\/index.php\/wp-json\/wp\/v2\/pages\/100\/revisions\/854"}],"wp:attachment":[{"href":"https:\/\/emilcefuenzalida.com\/index.php\/wp-json\/wp\/v2\/media?parent=100"}],"curies":[{"name":"wp","href":"https:\/\/api.w.org\/{rel}","templated":true}]}}