{"id":2,"date":"2020-02-13T22:23:13","date_gmt":"2020-02-13T22:23:13","guid":{"rendered":"http:\/\/emilcefuenzalida.com\/?page_id=2"},"modified":"2020-02-18T23:38:03","modified_gmt":"2020-02-18T23:38:03","slug":"sample-page","status":"publish","type":"page","link":"https:\/\/emilcefuenzalida.com\/","title":{"rendered":"::"},"content":{"rendered":"\n<p class=\"has-text-align-center has-small-font-size\"><em>\u00abLa memoria guardar\u00e1 lo que valga la pena. <\/em><br><em>La memoria sabe de m\u00ed m\u00e1s que yo, y ella no pierde lo que merece ser salvado.<\/em>\u00ab<br><strong><em>Eduardo Galeano<\/em><\/strong><\/p>\n\n\n\n<div style=\"height:28px\" aria-hidden=\"true\" class=\"wp-block-spacer\"><\/div>\n\n\n<div class=\"wp-block-coblocks-social wp-block-coblocks-social-profiles has-text-align-center has-colors\"><ul><li><a href=\"https:\/\/www.facebook.com\/beraka.arte\" title=\"Facebook\" class=\"wp-block-button__link wp-block-coblocks-social__button wp-block-coblocks-social__button--facebook has-padding\" style=\"border-radius:40px\"><span class=\"wp-block-coblocks-social__icon\"><\/span><span class=\"wp-block-coblocks-social__text\">Facebook<\/span><\/a><\/li><li><a href=\"https:\/\/www.instagram.com\/arte.emilce\/\" title=\"Instagram\" class=\"wp-block-button__link wp-block-coblocks-social__button wp-block-coblocks-social__button--instagram has-padding\" style=\"border-radius:40px\"><span class=\"wp-block-coblocks-social__icon\"><\/span><span class=\"wp-block-coblocks-social__text\">Instagram<\/span><\/a><\/li><li><a href=\"https:\/\/www.linkedin.com\/in\/beraka-arte-767b7869\/?originalSubdomain=ar\" title=\"LinkedIn\" class=\"wp-block-button__link wp-block-coblocks-social__button wp-block-coblocks-social__button--linkedin has-padding\" style=\"border-radius:40px\"><span class=\"wp-block-coblocks-social__icon\"><\/span><span class=\"wp-block-coblocks-social__text\">LinkedIn<\/span><\/a><\/li><li><a href=\"https:\/\/www.youtube.com\/channel\/UCaVbMPvWyd5TRJytB_xNK3Q\" title=\"YouTube\" class=\"wp-block-button__link wp-block-coblocks-social__button wp-block-coblocks-social__button--youtube has-padding\" style=\"border-radius:40px\"><span class=\"wp-block-coblocks-social__icon\"><\/span><span class=\"wp-block-coblocks-social__text\">YouTube<\/span><\/a><\/li><\/ul><\/div>","protected":false},"excerpt":{"rendered":"<p>\u00abLa memoria guardar\u00e1 lo que valga la pena. La memoria sabe de m\u00ed m\u00e1s que yo, y ella no pierde lo que merece ser salvado.\u00abEduardo Galeano<\/p>\n","protected":false},"author":2,"featured_media":10,"parent":32,"menu_order":0,"comment_status":"closed","ping_status":"open","template":"","meta":{"_coblocks_attr":"","_coblocks_dimensions":"","_coblocks_responsive_height":"","_coblocks_accordion_ie_support":"","footnotes":""},"class_list":["post-2","page","type-page","status-publish","has-post-thumbnail","hentry"],"jetpack_sharing_enabled":true,"_links":{"self":[{"href":"https:\/\/emilcefuenzalida.com\/index.php\/wp-json\/wp\/v2\/pages\/2","targetHints":{"allow":["GET"]}}],"collection":[{"href":"https:\/\/emilcefuenzalida.com\/index.php\/wp-json\/wp\/v2\/pages"}],"about":[{"href":"https:\/\/emilcefuenzalida.com\/index.php\/wp-json\/wp\/v2\/types\/page"}],"author":[{"embeddable":true,"href":"https:\/\/emilcefuenzalida.com\/index.php\/wp-json\/wp\/v2\/users\/2"}],"replies":[{"embeddable":true,"href":"https:\/\/emilcefuenzalida.com\/index.php\/wp-json\/wp\/v2\/comments?post=2"}],"version-history":[{"count":21,"href":"https:\/\/emilcefuenzalida.com\/index.php\/wp-json\/wp\/v2\/pages\/2\/revisions"}],"predecessor-version":[{"id":685,"href":"https:\/\/emilcefuenzalida.com\/index.php\/wp-json\/wp\/v2\/pages\/2\/revisions\/685"}],"up":[{"embeddable":true,"href":"https:\/\/emilcefuenzalida.com\/index.php\/wp-json\/wp\/v2\/pages\/32"}],"wp:featuredmedia":[{"embeddable":true,"href":"https:\/\/emilcefuenzalida.com\/index.php\/wp-json\/wp\/v2\/media\/10"}],"wp:attachment":[{"href":"https:\/\/emilcefuenzalida.com\/index.php\/wp-json\/wp\/v2\/media?parent=2"}],"curies":[{"name":"wp","href":"https:\/\/api.w.org\/{rel}","templated":true}]}}